{"id":17093,"date":"2025-10-19T14:48:43","date_gmt":"2025-10-19T12:48:43","guid":{"rendered":"http:\/\/localhost\/iglesia2\/?page_id=17093"},"modified":"2026-02-11T16:26:51","modified_gmt":"2026-02-11T15:26:51","slug":"la-gran-confesion","status":"publish","type":"page","link":"https:\/\/mqv.org.do\/?page_id=17093","title":{"rendered":"La gran confesi\u00f3n"},"content":{"rendered":"\n<figure class=\"wp-block-gallery has-nested-images columns-default is-cropped wp-block-gallery-1 is-layout-flex wp-block-gallery-is-layout-flex\">\n<figure class=\"wp-block-image size-full\"><img fetchpriority=\"high\" decoding=\"async\" width=\"2912\" height=\"1632\" data-id=\"17094\" src=\"https:\/\/mqv.org.do\/wp-content\/uploads\/2025\/10\/\u2014Pngtree\u2014jesus-standing-in-the-middle_15725493.jpg\" alt=\"\" class=\"wp-image-17094\"\/><\/figure>\n<\/figure>\n\n\n\n<p>Dios ha puesto delante de nosotros la vida y la muerte, y nos ha dado el libre albedr\u00edo para elegir. El nos dice:<\/p>\n\n\n\n<p class=\"has-text-align-center\" style=\"font-size:15px\"><em>\u00bbHoy pongo al cielo y a la tierra por testigos contra ti, de que te he dado a elegir entre la vida y la muerte,<\/em><br><em> entre la bendici\u00f3n y la maldici\u00f3n. Elige, pues, la vida, para que vivan t\u00fa y tus descendientes.\u00bb<\/em><\/p>\n\n\n\n<p class=\"has-text-align-right\">Deuteronomio 30:19 &#8211; NVI<\/p>\n\n\n\n<p>El nunca nos forzar\u00e1, pero nos pide con amor de padre que elijamos la vida.<\/p>\n\n\n\n<p>Su palabra asegura que todo el que confiesa que Jesucristo es el Se\u00f1or y Salvador y cree que Dios lo resucit\u00f3 de entre los muertos, tendr\u00e1 vida eterna.<\/p>\n\n\n\n<p class=\"has-text-align-center\" style=\"font-size:15px\"><em>\u00bb\u00c9sta es la palabra de f\u00e9 que predicamos: que si confiesas con tu boca que Jes\u00fas es el Se\u00f1or, y crees en tu <\/em><br><em>coraz\u00f3n que Dios lo *levant\u00f3 de entre los muertos, ser\u00e1s salvo. Porque con el coraz\u00f3n se cree para ser<\/em><br><em> *justificado, pero con la boca se confiesa para ser salvo. \u00bb<\/em><\/p>\n\n\n\n<p class=\"has-text-align-right\">Romanos 10:8-10 &#8211; NVI<\/p>\n\n\n\n<p>Tuya es la elecci\u00f3n, si as\u00ed lo decides y lo crees en tu coraz\u00f3n haz esta gran confesi\u00f3n:<\/p>\n\n\n\n<blockquote class=\"wp-block-quote is-layout-flow wp-block-quote-is-layout-flow\">\n<p style=\"font-size:15px\"><em>Padre hoy vengo a ti, te doy gracias por tu infinito amor. Te pido el perd\u00f3n de mis pecados. Confieso con mi boca que Jesucristo es el Se\u00f1or y creo en mi coraz\u00f3n que t\u00fa lo levantaste de entre los muertos<\/em>.<\/p>\n\n\n\n<p style=\"font-size:15px\"><em>Me has hecho ahora una criatura nueva, las cosas viejas pasaron y todas son hechas nuevas.<\/em><\/p>\n\n\n\n<p class=\"has-text-align-center\"><strong>Am\u00e9n<\/strong><\/p>\n<\/blockquote>\n\n\n\n<p>Al hacer esta oraci\u00f3n de f\u00e9, el Esp\u00edritu Santo ha venido a morar en ti. Eres una nueva criatura en Cristo Jes\u00fas. \u00a1Eres un hijo de Dios! Las cosas viejas pasaron y ahora todas son nuevas.<\/p>\n\n\n\n<p>Tendr\u00e1s la abundancia de la vida en el esp\u00edritu, amor, alegr\u00eda, gracia, paz y gozo. \u00a1Bienvenido a la familia!<\/p>\n","protected":false},"excerpt":{"rendered":"<p>Dios ha puesto delante de nosotros la vida y la muerte, y nos ha dado el libre albedr\u00edo para elegir. El nos dice: \u00bbHoy pongo [&hellip;]<\/p>\n","protected":false},"author":1,"featured_media":0,"parent":0,"menu_order":0,"comment_status":"closed","ping_status":"closed","template":"","meta":{"give_campaign_id":0,"_monsterinsights_skip_tracking":false,"_monsterinsights_sitenote_active":false,"_monsterinsights_sitenote_note":"","_monsterinsights_sitenote_category":0,"footnotes":""},"class_list":["post-17093","page","type-page","status-publish","hentry"],"aioseo_notices":[],"campaignId":"","meta_box":[],"_links":{"self":[{"href":"https:\/\/mqv.org.do\/index.php?rest_route=\/wp\/v2\/pages\/17093","targetHints":{"allow":["GET"]}}],"collection":[{"href":"https:\/\/mqv.org.do\/index.php?rest_route=\/wp\/v2\/pages"}],"about":[{"href":"https:\/\/mqv.org.do\/index.php?rest_route=\/wp\/v2\/types\/page"}],"author":[{"embeddable":true,"href":"https:\/\/mqv.org.do\/index.php?rest_route=\/wp\/v2\/users\/1"}],"replies":[{"embeddable":true,"href":"https:\/\/mqv.org.do\/index.php?rest_route=%2Fwp%2Fv2%2Fcomments&post=17093"}],"version-history":[{"count":2,"href":"https:\/\/mqv.org.do\/index.php?rest_route=\/wp\/v2\/pages\/17093\/revisions"}],"predecessor-version":[{"id":17235,"href":"https:\/\/mqv.org.do\/index.php?rest_route=\/wp\/v2\/pages\/17093\/revisions\/17235"}],"wp:attachment":[{"href":"https:\/\/mqv.org.do\/index.php?rest_route=%2Fwp%2Fv2%2Fmedia&parent=17093"}],"curies":[{"name":"wp","href":"https:\/\/api.w.org\/{rel}","templated":true}]}}