{"id":17073,"date":"2025-10-18T19:22:51","date_gmt":"2025-10-18T17:22:51","guid":{"rendered":"http:\/\/localhost\/iglesia2\/?page_id=17073"},"modified":"2026-02-11T16:25:38","modified_gmt":"2026-02-11T15:25:38","slug":"nuestra-pastora","status":"publish","type":"page","link":"https:\/\/mqv.org.do\/?page_id=17073","title":{"rendered":"Nuestra Pastora"},"content":{"rendered":"\n<div class=\"wp-block-columns is-layout-flex wp-container-core-columns-is-layout-9d6595d7 wp-block-columns-is-layout-flex\">\n<div class=\"wp-block-column is-layout-flow wp-block-column-is-layout-flow\">\n<p>Sarah Gronau de Jim\u00e9nez naci\u00f3 en la ciudad de Santo Domingo, Rep\u00fablica Dominicana, el 8 de marzo del a\u00f1o 1932.<\/p>\n\n\n\n<p>Realiz\u00f3 sus estudios primarios en el Colegio Quisqueya y los secundarios en el Colegio Santo Domingo, en la Rep\u00fablica Dominicana. Sus a\u00f1os de estudios en esta instituci\u00f3n reafirmaron su devoci\u00f3n por la vida cristiana y de ah\u00ed su gran encuentro con Jesucristo.<\/p>\n\n\n\n<p>Se incorpora en 1974 al movimiento de renovaci\u00f3n carism\u00e1tica de la Iglesia Cat\u00f3lica donde recibe el bautismo en el Esp\u00edritu permaneciendo hasta 1978, a\u00f1o en que junto a varias hermanas decide andar el camino de los cristianos libres.<\/p>\n<\/div>\n\n\n\n<div class=\"wp-block-column is-layout-flow wp-block-column-is-layout-flow\">\n<figure class=\"wp-block-gallery has-nested-images columns-default is-cropped wp-block-gallery-1 is-layout-flex wp-block-gallery-is-layout-flex\">\n<figure class=\"wp-block-image size-full\"><img fetchpriority=\"high\" decoding=\"async\" width=\"350\" height=\"187\" data-id=\"17074\" src=\"https:\/\/mqv.org.do\/wp-content\/uploads\/2025\/10\/bienvenida_pareja.jpg\" alt=\"\" class=\"wp-image-17074\"\/><\/figure>\n<\/figure>\n\n\n\n<p style=\"font-size:11px\"><em>En 1954 contrajo matrimonio con el se\u00f1or Jos\u00e9 Manuel Jim\u00e9nez<br>con quien procre\u00f3 9 hijos.<\/em><\/p>\n<\/div>\n<\/div>\n\n\n\n<div class=\"wp-block-columns is-layout-flex wp-container-core-columns-is-layout-9d6595d7 wp-block-columns-is-layout-flex\">\n<div class=\"wp-block-column is-layout-flow wp-block-column-is-layout-flow\">\n<figure class=\"wp-block-gallery has-nested-images columns-default is-cropped wp-block-gallery-2 is-layout-flex wp-block-gallery-is-layout-flex\">\n<figure class=\"wp-block-image size-full\"><img decoding=\"async\" width=\"532\" height=\"576\" data-id=\"17078\" src=\"https:\/\/mqv.org.do\/wp-content\/uploads\/2025\/10\/mamasarah.png\" alt=\"\" class=\"wp-image-17078\"\/><\/figure>\n<\/figure>\n<\/div>\n\n\n\n<div class=\"wp-block-column is-layout-flow wp-block-column-is-layout-flow\">\n<p>En ese momento comienza a recibir las ense\u00f1anzas de dos maestros del cristianismo, Kenneth Hagin y Kenneth Copeland. En 1980 se convierte en gu\u00eda espiritual de una peque\u00f1a iglesia y doce a\u00f1os despu\u00e9s en 1992 fue ordenada como pastora por el ministro Buddy Harrison, quien dirig\u00eda el ministerio Hermandad de Cristianos en la Fe.<\/p>\n\n\n\n<p>En 1997 decide cerrar la iglesia, pero un a\u00f1o m\u00e1s tarde, en 1998, el Se\u00f1or pone en su coraz\u00f3n la necesidad de reabrirla. Al a\u00f1o siguiente, en 1999, la iglesia recibe la llegada de Juan Luis Guerra junto a su esposa, amigos y m\u00fasicos. Guerra forma el coro y empieza a componer canciones de alabanza y adoraci\u00f3n a Dios.<\/p>\n\n\n\n<p>En la iglesia M\u00e1s Que Vencedores, guiada por la Pastora Sarah Gronau de Jim\u00e9nez, el Se\u00f1or se ha manifestado poderosamente con se\u00f1ales, prodigios y milagros. Su crecimiento es continuo, aumentando con amor y esmero la gran familia de Dios.<\/p>\n<\/div>\n<\/div>\n","protected":false},"excerpt":{"rendered":"<p>Sarah Gronau de Jim\u00e9nez naci\u00f3 en la ciudad de Santo Domingo, Rep\u00fablica Dominicana, el 8 de marzo del a\u00f1o 1932. Realiz\u00f3 sus estudios primarios en [&hellip;]<\/p>\n","protected":false},"author":1,"featured_media":0,"parent":0,"menu_order":0,"comment_status":"closed","ping_status":"closed","template":"","meta":{"give_campaign_id":0,"_monsterinsights_skip_tracking":false,"_monsterinsights_sitenote_active":false,"_monsterinsights_sitenote_note":"","_monsterinsights_sitenote_category":0,"footnotes":""},"class_list":["post-17073","page","type-page","status-publish","hentry"],"aioseo_notices":[],"campaignId":"","meta_box":[],"_links":{"self":[{"href":"https:\/\/mqv.org.do\/index.php?rest_route=\/wp\/v2\/pages\/17073","targetHints":{"allow":["GET"]}}],"collection":[{"href":"https:\/\/mqv.org.do\/index.php?rest_route=\/wp\/v2\/pages"}],"about":[{"href":"https:\/\/mqv.org.do\/index.php?rest_route=\/wp\/v2\/types\/page"}],"author":[{"embeddable":true,"href":"https:\/\/mqv.org.do\/index.php?rest_route=\/wp\/v2\/users\/1"}],"replies":[{"embeddable":true,"href":"https:\/\/mqv.org.do\/index.php?rest_route=%2Fwp%2Fv2%2Fcomments&post=17073"}],"version-history":[{"count":2,"href":"https:\/\/mqv.org.do\/index.php?rest_route=\/wp\/v2\/pages\/17073\/revisions"}],"predecessor-version":[{"id":17234,"href":"https:\/\/mqv.org.do\/index.php?rest_route=\/wp\/v2\/pages\/17073\/revisions\/17234"}],"wp:attachment":[{"href":"https:\/\/mqv.org.do\/index.php?rest_route=%2Fwp%2Fv2%2Fmedia&parent=17073"}],"curies":[{"name":"wp","href":"https:\/\/api.w.org\/{rel}","templated":true}]}}