{"id":17023,"date":"2025-10-15T17:13:31","date_gmt":"2025-10-15T15:13:31","guid":{"rendered":"http:\/\/localhost\/iglesia2\/?page_id=17023"},"modified":"2026-02-11T16:24:12","modified_gmt":"2026-02-11T15:24:12","slug":"bienvenida","status":"publish","type":"page","link":"https:\/\/mqv.org.do\/?page_id=17023","title":{"rendered":"Bienvenida"},"content":{"rendered":"\n<p>Como pastora de la Iglesia M\u00e1s que Vencedores, te doy la bienvenida en el Nombre de Jesucristo, nuestro Se\u00f1or y Salvador. El servirte y ministrarte es para m\u00ed una oportunidad privilegiada. Somos una iglesia entusiasta y creciente. \u00a1Te invitamos a formar parte de lo que Dios est\u00e1 haciendo aqu\u00ed con nosotros!<br>Si nos visitas en la iglesia podr\u00e1s ver c\u00f3mo el poder de Dios se manifiesta en ti, mientras alabas y adoras al Se\u00f1or junto a nosotros y abres tu coraz\u00f3n para recibir su Palabra revelada.<\/p>\n\n\n\n<div class=\"wp-block-columns is-layout-flex wp-container-core-columns-is-layout-9d6595d7 wp-block-columns-is-layout-flex\">\n<div class=\"wp-block-column is-layout-flow wp-block-column-is-layout-flow\">\n<p>\u00bfEst\u00e1s buscando una iglesia en donde congregarte? Es bueno que sepas que el Se\u00f1or te ama, \u00a1s\u00ed! A\u00fan antes de conocerlo. Su Palabra te enriquecer\u00e1, el Esp\u00edritu de Dios estar\u00e1 presente para ense\u00f1arte y Su Unci\u00f3n caer\u00e1 sobre ti para cubrir tu necesidad.<br>Est\u00e1s visitando nuestra p\u00e1gina en Internet, si vives en Santo Domingo an\u00edmate a acompa\u00f1arnos. Si vives en otra ciudad o en el exterior te invito a que est\u00e9s pendiente de las grabaciones de los cultos y las ense\u00f1anzas b\u00edblicas.<br>Cada mes recibimos testimonios de personas maravillosas que viven fuera y se edifican con el alimento espiritual que servimos a trav\u00e9s de Internet.<br>La Iglesia M\u00e1s Que Vencedores, como parte del Cuerpo de Cristo, trabaja para la gloria de Dios. Conduce a hombres y a mujeres a tener una relaci\u00f3n personal con El.<\/p>\n\n\n\n<p>Somos una iglesia donde el amor de Dios es evidente, su Palabra es ense\u00f1ada, su Esp\u00edritu dirige y su Poder se manifiesta; que cree en la adoraci\u00f3n a Dios, en aprender y en ser hacedores de su Palabra.<\/p>\n\n\n\n<p>Recuerda: te amamos, nos interesamos por ti y los tuyos y queremos ayudarte. \u00a1Insp\u00edrate y camina en el Se\u00f1or!<br>Disfruta de Su presencia. Eres especial para El, El te ama y nosotros tambi\u00e9n.<\/p>\n<\/div>\n\n\n\n<div class=\"wp-block-column is-layout-flow wp-block-column-is-layout-flow\" style=\"flex-basis:301px\">\n<figure class=\"wp-block-gallery has-nested-images columns-default is-cropped wp-block-gallery-1 is-layout-flex wp-block-gallery-is-layout-flex\">\n<figure class=\"wp-block-image size-full\"><img fetchpriority=\"high\" decoding=\"async\" width=\"360\" height=\"542\" data-id=\"17022\" src=\"https:\/\/mqv.org.do\/wp-content\/uploads\/2025\/10\/bienvenida.jpg\" alt=\"\" class=\"wp-image-17022\"\/><\/figure>\n<\/figure>\n<\/div>\n<\/div>\n","protected":false},"excerpt":{"rendered":"<p>Como pastora de la Iglesia M\u00e1s que Vencedores, te doy la bienvenida en el Nombre de Jesucristo, nuestro Se\u00f1or y Salvador. El servirte y ministrarte [&hellip;]<\/p>\n","protected":false},"author":1,"featured_media":0,"parent":0,"menu_order":0,"comment_status":"closed","ping_status":"closed","template":"","meta":{"give_campaign_id":0,"_monsterinsights_skip_tracking":false,"_monsterinsights_sitenote_active":false,"_monsterinsights_sitenote_note":"","_monsterinsights_sitenote_category":0,"footnotes":""},"class_list":["post-17023","page","type-page","status-publish","hentry"],"aioseo_notices":[],"campaignId":"","meta_box":[],"_links":{"self":[{"href":"https:\/\/mqv.org.do\/index.php?rest_route=\/wp\/v2\/pages\/17023","targetHints":{"allow":["GET"]}}],"collection":[{"href":"https:\/\/mqv.org.do\/index.php?rest_route=\/wp\/v2\/pages"}],"about":[{"href":"https:\/\/mqv.org.do\/index.php?rest_route=\/wp\/v2\/types\/page"}],"author":[{"embeddable":true,"href":"https:\/\/mqv.org.do\/index.php?rest_route=\/wp\/v2\/users\/1"}],"replies":[{"embeddable":true,"href":"https:\/\/mqv.org.do\/index.php?rest_route=%2Fwp%2Fv2%2Fcomments&post=17023"}],"version-history":[{"count":2,"href":"https:\/\/mqv.org.do\/index.php?rest_route=\/wp\/v2\/pages\/17023\/revisions"}],"predecessor-version":[{"id":17233,"href":"https:\/\/mqv.org.do\/index.php?rest_route=\/wp\/v2\/pages\/17023\/revisions\/17233"}],"wp:attachment":[{"href":"https:\/\/mqv.org.do\/index.php?rest_route=%2Fwp%2Fv2%2Fmedia&parent=17023"}],"curies":[{"name":"wp","href":"https:\/\/api.w.org\/{rel}","templated":true}]}}